{"id":19,"date":"2026-04-27T08:50:55","date_gmt":"2026-04-27T08:50:55","guid":{"rendered":"https:\/\/ecoledesparismindset.com?page_id=19"},"modified":"2026-04-27T08:51:39","modified_gmt":"2026-04-27T08:51:39","slug":"blog-section","status":"publish","type":"page","link":"https:\/\/ecoledesparismindset.com\/fr_ca\/blog-section\/","title":{"rendered":"Blog Section"},"content":{"rendered":"<ul class=\"wp-block-latest-posts__list has-dates has-author wp-block-latest-posts\"><li><div class=\"wp-block-latest-posts__featured-image alignleft\"><a href=\"https:\/\/ecoledesparismindset.com\/fr_ca\/comprendre-la-fiscalite-est-ce-imposable\/\" aria-label=\"Comprendre la Fiscalit\u00e9 : Est-ce Imposable ?\"><img loading=\"lazy\" decoding=\"async\" width=\"150\" height=\"150\" src=\"https:\/\/ecoledesparismindset.com\/wp-content\/uploads\/2026\/04\/d1dea4fa-4003-44c7-abb2-dc17a95c5525-150x150.png\" class=\"attachment-thumbnail size-thumbnail wp-post-image\" alt=\"\" style=\"\" srcset=\"https:\/\/ecoledesparismindset.com\/wp-content\/uploads\/2026\/04\/d1dea4fa-4003-44c7-abb2-dc17a95c5525-150x150.png 150w, https:\/\/ecoledesparismindset.com\/wp-content\/uploads\/2026\/04\/d1dea4fa-4003-44c7-abb2-dc17a95c5525-300x300.png 300w, https:\/\/ecoledesparismindset.com\/wp-content\/uploads\/2026\/04\/d1dea4fa-4003-44c7-abb2-dc17a95c5525-768x768.png 768w, https:\/\/ecoledesparismindset.com\/wp-content\/uploads\/2026\/04\/d1dea4fa-4003-44c7-abb2-dc17a95c5525-12x12.png 12w, https:\/\/ecoledesparismindset.com\/wp-content\/uploads\/2026\/04\/d1dea4fa-4003-44c7-abb2-dc17a95c5525-120x120.png 120w, https:\/\/ecoledesparismindset.com\/wp-content\/uploads\/2026\/04\/d1dea4fa-4003-44c7-abb2-dc17a95c5525.png 1024w\" sizes=\"auto, (max-width: 150px) 100vw, 150px\" \/><\/a><\/div><a class=\"wp-block-latest-posts__post-title\" href=\"https:\/\/ecoledesparismindset.com\/fr_ca\/comprendre-la-fiscalite-est-ce-imposable\/\">Comprendre la Fiscalit\u00e9 : Est-ce Imposable ?<\/a><div class=\"wp-block-latest-posts__post-author\">par admin<\/div><time datetime=\"2026-04-27T08:34:09+00:00\" class=\"wp-block-latest-posts__post-date\">avril 27, 2026<\/time><div class=\"wp-block-latest-posts__post-excerpt\">D\u00e9couvrez ce qui est imposable et comment optimiser votre situation fiscale en France.<\/div><\/li>\n<li><div class=\"wp-block-latest-posts__featured-image alignleft\"><a href=\"https:\/\/ecoledesparismindset.com\/fr_ca\/ecole-des-paris-vs-pronostiqueurs-en-ligne-les-vraies-differences\/\" aria-label=\"\u00c9cole des Paris vs Pronostiqueurs en Ligne : Les Vraies Diff\u00e9rences\"><img loading=\"lazy\" decoding=\"async\" width=\"150\" height=\"150\" src=\"https:\/\/ecoledesparismindset.com\/wp-content\/uploads\/2026\/04\/e0ea95b9-4e77-4ac2-95c0-fefc21a482eb-150x150.png\" class=\"attachment-thumbnail size-thumbnail wp-post-image\" alt=\"\" style=\"\" srcset=\"https:\/\/ecoledesparismindset.com\/wp-content\/uploads\/2026\/04\/e0ea95b9-4e77-4ac2-95c0-fefc21a482eb-150x150.png 150w, https:\/\/ecoledesparismindset.com\/wp-content\/uploads\/2026\/04\/e0ea95b9-4e77-4ac2-95c0-fefc21a482eb-300x300.png 300w, https:\/\/ecoledesparismindset.com\/wp-content\/uploads\/2026\/04\/e0ea95b9-4e77-4ac2-95c0-fefc21a482eb-768x768.png 768w, https:\/\/ecoledesparismindset.com\/wp-content\/uploads\/2026\/04\/e0ea95b9-4e77-4ac2-95c0-fefc21a482eb-12x12.png 12w, https:\/\/ecoledesparismindset.com\/wp-content\/uploads\/2026\/04\/e0ea95b9-4e77-4ac2-95c0-fefc21a482eb-120x120.png 120w, https:\/\/ecoledesparismindset.com\/wp-content\/uploads\/2026\/04\/e0ea95b9-4e77-4ac2-95c0-fefc21a482eb.png 1024w\" sizes=\"auto, (max-width: 150px) 100vw, 150px\" \/><\/a><\/div><a class=\"wp-block-latest-posts__post-title\" href=\"https:\/\/ecoledesparismindset.com\/fr_ca\/ecole-des-paris-vs-pronostiqueurs-en-ligne-les-vraies-differences\/\">\u00c9cole des Paris vs Pronostiqueurs en Ligne : Les Vraies Diff\u00e9rences<\/a><div class=\"wp-block-latest-posts__post-author\">par admin<\/div><time datetime=\"2026-04-27T08:32:15+00:00\" class=\"wp-block-latest-posts__post-date\">avril 27, 2026<\/time><div class=\"wp-block-latest-posts__post-excerpt\">D\u00e9couvrez les vraies diff\u00e9rences entre l&rsquo;\u00c9cole des Paris et les pronostiqueurs classiques : approche m\u00e9thodologique, formation compl\u00e8te et autonomie vs d\u00e9pendance.<\/div><\/li>\n<\/ul>","protected":false},"excerpt":{"rendered":"","protected":false},"author":1,"featured_media":0,"parent":0,"menu_order":0,"comment_status":"closed","ping_status":"closed","template":"","meta":{"footnotes":""},"class_list":["post-19","page","type-page","status-publish","hentry"],"_links":{"self":[{"href":"https:\/\/ecoledesparismindset.com\/fr_ca\/wp-json\/wp\/v2\/pages\/19","targetHints":{"allow":["GET"]}}],"collection":[{"href":"https:\/\/ecoledesparismindset.com\/fr_ca\/wp-json\/wp\/v2\/pages"}],"about":[{"href":"https:\/\/ecoledesparismindset.com\/fr_ca\/wp-json\/wp\/v2\/types\/page"}],"author":[{"embeddable":true,"href":"https:\/\/ecoledesparismindset.com\/fr_ca\/wp-json\/wp\/v2\/users\/1"}],"replies":[{"embeddable":true,"href":"https:\/\/ecoledesparismindset.com\/fr_ca\/wp-json\/wp\/v2\/comments?post=19"}],"version-history":[{"count":2,"href":"https:\/\/ecoledesparismindset.com\/fr_ca\/wp-json\/wp\/v2\/pages\/19\/revisions"}],"predecessor-version":[{"id":26,"href":"https:\/\/ecoledesparismindset.com\/fr_ca\/wp-json\/wp\/v2\/pages\/19\/revisions\/26"}],"wp:attachment":[{"href":"https:\/\/ecoledesparismindset.com\/fr_ca\/wp-json\/wp\/v2\/media?parent=19"}],"curies":[{"name":"wp","href":"https:\/\/api.w.org\/{rel}","templated":true}]}}